{"id":13,"date":"2015-01-15T16:52:50","date_gmt":"2015-01-15T16:52:50","guid":{"rendered":"http:\/\/www.mexicoalgritodeguerra.com\/?page_id=13"},"modified":"2015-01-16T03:00:20","modified_gmt":"2015-01-16T03:00:20","slug":"mazatlan","status":"publish","type":"page","link":"https:\/\/www.gh-realestate.com\/index.php\/mazatlan\/","title":{"rendered":"Mazatl\u00e1n"},"content":{"rendered":"<h4><span class=\"titprincipal1\">Sobre Mazatl\u00e1n<\/span><\/h4>\n<p style=\"text-align: justify;\"><span class=\"textgral\">Mazatl\u00e1n cuenta con excelentes playas, muchas atracciones, una variedad de interesantes sitios hist\u00f3ricos y muchos monumentos esparcidos por toda la ciudad. Tan s\u00f3lo visitar las estatuas y monumentos podr\u00eda tomarte un d\u00eda entero. Por supuesto, si todo lo que t\u00fa quieres hacer es disfrutar las olas y el sol, esto est\u00e1 bien tambi\u00e9n.<\/span><\/p>\n<p class=\"jetpack-slideshow-noscript robots-nocontent\">El pase de diapositivas requiere JavaScript.<\/p><div id=\"gallery-13-1-slideshow\" class=\"slideshow-window jetpack-slideshow slideshow-black\" data-trans=\"fade\" data-autostart=\"1\" data-gallery=\"[{&quot;src&quot;:&quot;https:\\\/\\\/www.gh-realestate.com\\\/wp-content\\\/uploads\\\/2015\\\/01\\\/Golf-Mazatlan-300x135.jpg&quot;,&quot;id&quot;:&quot;94&quot;,&quot;title&quot;:&quot;Golf Mazatlan&quot;,&quot;alt&quot;:&quot;&quot;,&quot;caption&quot;:&quot;&quot;,&quot;itemprop&quot;:&quot;image&quot;},{&quot;src&quot;:&quot;https:\\\/\\\/www.gh-realestate.com\\\/wp-content\\\/uploads\\\/2015\\\/01\\\/sunrise-on-the-malecon-300x225.jpg&quot;,&quot;id&quot;:&quot;103&quot;,&quot;title&quot;:&quot;sunrise-on-the-malecon&quot;,&quot;alt&quot;:&quot;&quot;,&quot;caption&quot;:&quot;&quot;,&quot;itemprop&quot;:&quot;image&quot;},{&quot;src&quot;:&quot;https:\\\/\\\/www.gh-realestate.com\\\/wp-content\\\/uploads\\\/2015\\\/01\\\/mazatlan1-300x105.jpg&quot;,&quot;id&quot;:&quot;100&quot;,&quot;title&quot;:&quot;mazatlan1&quot;,&quot;alt&quot;:&quot;&quot;,&quot;caption&quot;:&quot;&quot;,&quot;itemprop&quot;:&quot;image&quot;},{&quot;src&quot;:&quot;https:\\\/\\\/www.gh-realestate.com\\\/wp-content\\\/uploads\\\/2015\\\/01\\\/buceomaza2-300x137.jpeg&quot;,&quot;id&quot;:&quot;91&quot;,&quot;title&quot;:&quot;buceomaza2&quot;,&quot;alt&quot;:&quot;&quot;,&quot;caption&quot;:&quot;&quot;,&quot;itemprop&quot;:&quot;image&quot;},{&quot;src&quot;:&quot;https:\\\/\\\/www.gh-realestate.com\\\/wp-content\\\/uploads\\\/2015\\\/01\\\/malecon-mazatlan-300x200.jpg&quot;,&quot;id&quot;:&quot;99&quot;,&quot;title&quot;:&quot;Alex \\u00abPelos\\u00bb Briseno&quot;,&quot;alt&quot;:&quot;&quot;,&quot;caption&quot;:&quot;&quot;,&quot;itemprop&quot;:&quot;image&quot;},{&quot;src&quot;:&quot;https:\\\/\\\/www.gh-realestate.com\\\/wp-content\\\/uploads\\\/2015\\\/01\\\/carnaval-combate-naval-mazatlan-300x199.jpg&quot;,&quot;id&quot;:&quot;93&quot;,&quot;title&quot;:&quot;carnaval-combate-naval-mazatlan&quot;,&quot;alt&quot;:&quot;&quot;,&quot;caption&quot;:&quot;&quot;,&quot;itemprop&quot;:&quot;image&quot;},{&quot;src&quot;:&quot;https:\\\/\\\/www.gh-realestate.com\\\/wp-content\\\/uploads\\\/2015\\\/01\\\/buceomaza-300x140.jpeg&quot;,&quot;id&quot;:&quot;90&quot;,&quot;title&quot;:&quot;buceomaza&quot;,&quot;alt&quot;:&quot;&quot;,&quot;caption&quot;:&quot;&quot;,&quot;itemprop&quot;:&quot;image&quot;},{&quot;src&quot;:&quot;https:\\\/\\\/www.gh-realestate.com\\\/wp-content\\\/uploads\\\/2015\\\/01\\\/buceomaza3.jpeg&quot;,&quot;id&quot;:&quot;92&quot;,&quot;title&quot;:&quot;buceomaza3&quot;,&quot;alt&quot;:&quot;&quot;,&quot;caption&quot;:&quot;&quot;,&quot;itemprop&quot;:&quot;image&quot;},{&quot;src&quot;:&quot;https:\\\/\\\/www.gh-realestate.com\\\/wp-content\\\/uploads\\\/2015\\\/01\\\/plazuelamachado-300x200.jpg&quot;,&quot;id&quot;:&quot;102&quot;,&quot;title&quot;:&quot;plazuelamachado&quot;,&quot;alt&quot;:&quot;&quot;,&quot;caption&quot;:&quot;&quot;,&quot;itemprop&quot;:&quot;image&quot;},{&quot;src&quot;:&quot;https:\\\/\\\/www.gh-realestate.com\\\/wp-content\\\/uploads\\\/2015\\\/01\\\/machadomaza3-300x200.jpg&quot;,&quot;id&quot;:&quot;98&quot;,&quot;title&quot;:&quot;machadomaza3&quot;,&quot;alt&quot;:&quot;&quot;,&quot;caption&quot;:&quot;&quot;,&quot;itemprop&quot;:&quot;image&quot;},{&quot;src&quot;:&quot;https:\\\/\\\/www.gh-realestate.com\\\/wp-content\\\/uploads\\\/2015\\\/01\\\/Pesca-Deportiva-300x221.jpg&quot;,&quot;id&quot;:&quot;101&quot;,&quot;title&quot;:&quot;Pesca Deportiva&quot;,&quot;alt&quot;:&quot;&quot;,&quot;caption&quot;:&quot;&quot;,&quot;itemprop&quot;:&quot;image&quot;}]\" itemscope itemtype=\"https:\/\/schema.org\/ImageGallery\"><\/div>\n<p>La playa y las actividades acu\u00e1ticas relacionadas con vacaciones en centros tur\u00edsticos es lo que las vacaciones son en todas partes para muchos viajeros, en cambio Mazatl\u00e1n te ofrece diferentes opciones para unas apacibles vacaciones \u2013 relax completo, actividad \u2013 aventura, ecolog\u00eda \u2013 exploraci\u00f3n. Puedes venir a Mazatl\u00e1n para relajarte pero la tentaci\u00f3n de explorar es una posibilidad constante y si por casualidad te animas a alejarte de tu hotel.<\/p>\n<p>Este puerto Mexicano es un punto perfecto para pescar, pues se localiza junto al Mar de Cort\u00e9s en el Golfo de California, el cual es el hogar de incontables especies marinas. En relaci\u00f3n al turismo ecol\u00f3gico, es posible tomar varias excursiones completas; adem\u00e1s tambi\u00e9n puede disfrutar de sus bellas playas, deliciosos platillos y excitante vida nocturna.<\/p>\n","protected":false},"excerpt":{"rendered":"<p>Sobre Mazatl\u00e1n Mazatl\u00e1n cuenta con excelentes playas, muchas atracciones, una variedad de interesantes sitios hist\u00f3ricos y muchos monumentos esparcidos por toda la ciudad. Tan s\u00f3lo visitar las estatuas y monumentos podr\u00eda tomarte un d\u00eda entero. Por supuesto, si todo lo que t\u00fa quieres hacer es disfrutar las olas y el\u2026<\/p>\n<p class=\"continue-reading-button\"> <a class=\"continue-reading-link\" href=\"https:\/\/www.gh-realestate.com\/index.php\/mazatlan\/\">Continuar Leyendo \/ Continue reading<i class=\"crycon-right-dir\"><\/i><\/a><\/p>\n","protected":false},"author":1,"featured_media":0,"parent":0,"menu_order":0,"comment_status":"open","ping_status":"open","template":"","meta":{"spay_email":""},"jetpack_sharing_enabled":true,"jetpack_shortlink":"https:\/\/wp.me\/P5sjBy-d","_links":{"self":[{"href":"https:\/\/www.gh-realestate.com\/index.php\/wp-json\/wp\/v2\/pages\/13"}],"collection":[{"href":"https:\/\/www.gh-realestate.com\/index.php\/wp-json\/wp\/v2\/pages"}],"about":[{"href":"https:\/\/www.gh-realestate.com\/index.php\/wp-json\/wp\/v2\/types\/page"}],"author":[{"embeddable":true,"href":"https:\/\/www.gh-realestate.com\/index.php\/wp-json\/wp\/v2\/users\/1"}],"replies":[{"embeddable":true,"href":"https:\/\/www.gh-realestate.com\/index.php\/wp-json\/wp\/v2\/comments?post=13"}],"version-history":[{"count":7,"href":"https:\/\/www.gh-realestate.com\/index.php\/wp-json\/wp\/v2\/pages\/13\/revisions"}],"predecessor-version":[{"id":15,"href":"https:\/\/www.gh-realestate.com\/index.php\/wp-json\/wp\/v2\/pages\/13\/revisions\/15"}],"wp:attachment":[{"href":"https:\/\/www.gh-realestate.com\/index.php\/wp-json\/wp\/v2\/media?parent=13"}],"curies":[{"name":"wp","href":"https:\/\/api.w.org\/{rel}","templated":true}]}}