{"id":6,"date":"2015-01-10T01:14:56","date_gmt":"2015-01-10T01:14:56","guid":{"rendered":"http:\/\/www.mexicoalgritodeguerra.com\/?page_id=6"},"modified":"2015-01-17T20:05:03","modified_gmt":"2015-01-17T20:05:03","slug":"conozcanos","status":"publish","type":"page","link":"https:\/\/www.gh-realestate.com\/index.php\/conozcanos\/","title":{"rendered":"Con\u00f3zcanos"},"content":{"rendered":"<h4 style=\"text-align: justify;\">Somos una empresa familiar, regional ubicada en la Cd. de Mazatl\u00e1n, Sin., y fundada hace m\u00e1s de 20 a\u00f1os.<\/h4>\n<p style=\"text-align: justify;\">Nuestra especialidad es la compra, venta y administraci\u00f3n de bienes inmuebles y nuestra meta ha sido siempre facilitar la b\u00fasqueda de propiedades tanto para renta como para venta, amuebladas y sin amueblar, tratando de ofrecer las mejores opciones a todos nuestros clientes.<\/p>\n<p style=\"text-align: justify;\"><span class=\"textgral\">Desde siempre nos hemos esmerado en proporcionar la mejor atenci\u00f3n y servicio y con gusto hemos comprobado la confianza de nuestros clientes a trav\u00e9s del tiempo ya que un gran porcentaje de ellos aun cuando es for\u00e1neo nos ha confiado sus propiedades tanto para administraci\u00f3n como para venta.<\/span><\/p>\n<p style=\"text-align: justify;\"><span class=\"textgral\">Estamos tambi\u00e9n autorizados para promover la mayor\u00eda de los desarrollos inmobiliarios que se est\u00e1n construyendo actualmente en la ciudad. ( Grupo Pen\u00ednsula, Escondido Towers, Marina Mazatl\u00e1n, Estrella de Mar, etc.)<\/span><\/p>\n<p style=\"text-align: justify;\"><span class=\"textgral\">Somos una agencia reconocida por el Tec. De Monterrey cuyo plantel nos tiene en su p\u00e1gina de internet como una de las mejores opciones que tienen los estudiantes for\u00e1neos para rentar.<\/span><\/p>\n<p><iframe src=\"http:\/\/www.gh-realestate.com\/ghmapa\/\" width=\"1100\" height=\"680\" align=\"center\"><\/iframe><\/p>\n","protected":false},"excerpt":{"rendered":"<p>Somos una empresa familiar, regional ubicada en la Cd. de Mazatl\u00e1n, Sin., y fundada hace m\u00e1s de 20 a\u00f1os. Nuestra especialidad es la compra, venta y administraci\u00f3n de bienes inmuebles y nuestra meta ha sido siempre facilitar la b\u00fasqueda de propiedades tanto para renta como para venta, amuebladas y sin\u2026<\/p>\n<p class=\"continue-reading-button\"> <a class=\"continue-reading-link\" href=\"https:\/\/www.gh-realestate.com\/index.php\/conozcanos\/\">Continuar Leyendo \/ Continue reading<i class=\"crycon-right-dir\"><\/i><\/a><\/p>\n","protected":false},"author":1,"featured_media":0,"parent":0,"menu_order":0,"comment_status":"open","ping_status":"open","template":"","meta":{"spay_email":""},"jetpack_sharing_enabled":true,"jetpack_shortlink":"https:\/\/wp.me\/P5sjBy-6","_links":{"self":[{"href":"https:\/\/www.gh-realestate.com\/index.php\/wp-json\/wp\/v2\/pages\/6"}],"collection":[{"href":"https:\/\/www.gh-realestate.com\/index.php\/wp-json\/wp\/v2\/pages"}],"about":[{"href":"https:\/\/www.gh-realestate.com\/index.php\/wp-json\/wp\/v2\/types\/page"}],"author":[{"embeddable":true,"href":"https:\/\/www.gh-realestate.com\/index.php\/wp-json\/wp\/v2\/users\/1"}],"replies":[{"embeddable":true,"href":"https:\/\/www.gh-realestate.com\/index.php\/wp-json\/wp\/v2\/comments?post=6"}],"version-history":[{"count":21,"href":"https:\/\/www.gh-realestate.com\/index.php\/wp-json\/wp\/v2\/pages\/6\/revisions"}],"predecessor-version":[{"id":88,"href":"https:\/\/www.gh-realestate.com\/index.php\/wp-json\/wp\/v2\/pages\/6\/revisions\/88"}],"wp:attachment":[{"href":"https:\/\/www.gh-realestate.com\/index.php\/wp-json\/wp\/v2\/media?parent=6"}],"curies":[{"name":"wp","href":"https:\/\/api.w.org\/{rel}","templated":true}]}}